{"id":838,"date":"2023-10-18T22:14:30","date_gmt":"2023-10-18T19:14:30","guid":{"rendered":"https:\/\/sakalas.eu\/kontaktai\/"},"modified":"2026-01-21T11:18:26","modified_gmt":"2026-01-21T09:18:26","slug":"contacts","status":"publish","type":"page","link":"https:\/\/sakalas.eu\/en\/contacts\/","title":{"rendered":"Contacts"},"content":{"rendered":"<div class=\"wpb-content-wrapper\"><p>[vc_row full_width=&#8221;stretch_row&#8221; css_animation=&#8221;fadeIn&#8221; bg_type=&#8221;image&#8221; parallax_style=&#8221;vcpb-default&#8221; bg_image_new=&#8221;id^105|url^https:\/\/sakalas.eu\/wp-content\/uploads\/2023\/10\/FTS.jpg|caption^null|alt^null|title^FTS|description^null&#8221; bg_image_repeat=&#8221;no-repeat&#8221; css=&#8221;.vc_custom_1709674981667{margin-top: -50px !important;padding-top: 70px !important;padding-bottom: 70px !important;}&#8221; el_class=&#8221;row-bg-gradient&#8221;][vc_column width=&#8221;7\/12&#8243;][vc_custom_heading text=&#8221;Contacts&#8221; font_container=&#8221;tag:h1|text_align:left|color:%23ffffff&#8221; use_theme_fonts=&#8221;yes&#8221; css=&#8221;.vc_custom_1709496565586{margin-bottom: 30px !important;}&#8221;][\/vc_column][vc_column width=&#8221;5\/12&#8243;][\/vc_column][\/vc_row][vc_row gap=&#8221;30&#8243; css=&#8221;.vc_custom_1698147850169{margin-top: 40px !important;}&#8221;][vc_column width=&#8221;2\/3&#8243; css=&#8221;.vc_custom_1698147776127{padding-top: 0px !important;}&#8221;][vc_row_inner equal_height=&#8221;yes&#8221; gap=&#8221;30&#8243; css=&#8221;.vc_custom_1698147830766{margin-top: -15px !important;}&#8221;][vc_column_inner width=&#8221;1\/2&#8243; css=&#8221;.vc_custom_1698147795967{border-top-width: 1px !important;border-right-width: 1px !important;border-bottom-width: 1px !important;border-left-width: 1px !important;padding-right: 30px !important;padding-left: 30px !important;border-left-color: #efefef !important;border-left-style: solid !important;border-right-color: #efefef !important;border-right-style: solid !important;border-top-color: #efefef !important;border-top-style: solid !important;border-bottom-color: #efefef !important;border-bottom-style: solid !important;}&#8221;][vc_column_text css=&#8221;&#8221;]<\/p>\n<h3>Central Office<\/h3>\n<p>Office address: Pylimo str. 58, Vilnius LT-01136, Lithuania<br \/>\nCompany code: 120423642<br \/>\nVAT code: LT204236411[\/vc_column_text][\/vc_column_inner][vc_column_inner width=&#8221;1\/2&#8243; css=&#8221;.vc_custom_1698147805349{border-top-width: 1px !important;border-right-width: 1px !important;border-bottom-width: 1px !important;border-left-width: 1px !important;padding-right: 30px !important;padding-left: 30px !important;border-left-color: #efefef !important;border-left-style: solid !important;border-right-color: #efefef !important;border-right-style: solid !important;border-top-color: #efefef !important;border-top-style: solid !important;border-bottom-color: #efefef !important;border-bottom-style: solid !important;}&#8221;][vc_column_text css=&#8221;&#8221;]<\/p>\n<h3>Vilnius central warehouse<\/h3>\n<p>Address: Liepkalnio str. 172 E, Vilnius LT-02121, Lithuania<br \/>\nPhone: +370 646 67830<br \/>\nE-mail: <a href=\"mailto:info@sakalas.eu\">info@sakalas.eu<\/a>[\/vc_column_text][\/vc_column_inner][\/vc_row_inner][vc_row_inner equal_height=&#8221;yes&#8221; gap=&#8221;30&#8243;][vc_column_inner width=&#8221;1\/2&#8243; css=&#8221;.vc_custom_1698147699696{border-top-width: 1px !important;border-right-width: 1px !important;border-bottom-width: 1px !important;border-left-width: 1px !important;padding-right: 30px !important;padding-left: 30px !important;border-left-color: #efefef !important;border-left-style: solid !important;border-right-color: #efefef !important;border-right-style: solid !important;border-top-color: #efefef !important;border-top-style: solid !important;border-bottom-color: #efefef !important;border-bottom-style: solid !important;}&#8221;][vc_column_text css=&#8221;&#8221;]<\/p>\n<h3>Kaunas<\/h3>\n<p>Address: Elektr\u0117n\u0173 g. 7, Kaunas LT-51193, Lithuania<br \/>\nPhone: +370 687 39652<br \/>\nE-mail: <a href=\"mailto:info@sakalas.eu\">info@sakalas.eu<\/a>[\/vc_column_text][\/vc_column_inner][vc_column_inner width=&#8221;1\/2&#8243; css=&#8221;.vc_custom_1698147704460{border-top-width: 1px !important;border-right-width: 1px !important;border-bottom-width: 1px !important;border-left-width: 1px !important;padding-right: 30px !important;padding-left: 30px !important;border-left-color: #efefef !important;border-left-style: solid !important;border-right-color: #efefef !important;border-right-style: solid !important;border-top-color: #efefef !important;border-top-style: solid !important;border-bottom-color: #efefef !important;border-bottom-style: solid !important;}&#8221;][vc_column_text css=&#8221;&#8221;]<\/p>\n<h3>Klaip\u0117da<\/h3>\n<p>Address: Pary\u017eiaus Komunos str. 25A, Klaip\u0117da LT-91111, Lithuania<br \/>\nPhone: +370 687 39651<br \/>\nE-mail: <a href=\"mailto:info@sakalas.eu\">info@sakalas.eu<\/a>[\/vc_column_text][\/vc_column_inner][\/vc_row_inner][vc_row_inner equal_height=&#8221;yes&#8221; gap=&#8221;30&#8243;][vc_column_inner width=&#8221;1\/2&#8243; css=&#8221;.vc_custom_1698147699696{border-top-width: 1px !important;border-right-width: 1px !important;border-bottom-width: 1px !important;border-left-width: 1px !important;padding-right: 30px !important;padding-left: 30px !important;border-left-color: #efefef !important;border-left-style: solid !important;border-right-color: #efefef !important;border-right-style: solid !important;border-top-color: #efefef !important;border-top-style: solid !important;border-bottom-color: #efefef !important;border-bottom-style: solid !important;}&#8221;][vc_column_text css=&#8221;&#8221;]<\/p>\n<h3>\u0160iauliai<\/h3>\n<p>Address: \u017dalgirio str. 8-8, \u0160iauliai LT-77137, Lithuania<br \/>\nPhone: +370 687 39648<br \/>\nE-mail: <a href=\"mailto:info@sakalas.eu\">info@sakalas.eu<\/a>[\/vc_column_text][\/vc_column_inner][vc_column_inner width=&#8221;1\/2&#8243; css=&#8221;.vc_custom_1698147704460{border-top-width: 1px !important;border-right-width: 1px !important;border-bottom-width: 1px !important;border-left-width: 1px !important;padding-right: 30px !important;padding-left: 30px !important;border-left-color: #efefef !important;border-left-style: solid !important;border-right-color: #efefef !important;border-right-style: solid !important;border-top-color: #efefef !important;border-top-style: solid !important;border-bottom-color: #efefef !important;border-bottom-style: solid !important;}&#8221;][vc_column_text css=&#8221;&#8221;]<\/p>\n<h3>Panev\u0117\u017eys<\/h3>\n<p>Address: Marijon\u0173 str. 27-62, Panev\u0117\u017eys LT-35129, Lithuania<br \/>\nPhone: +370 686 71559<br \/>\nE-mail: <a href=\"mailto:info@sakalas.eu\">info@sakalas.eu<\/a>[\/vc_column_text][\/vc_column_inner][\/vc_row_inner][vc_row_inner equal_height=&#8221;yes&#8221; gap=&#8221;30&#8243;][vc_column_inner width=&#8221;1\/2&#8243; css=&#8221;.vc_custom_1698147699696{border-top-width: 1px !important;border-right-width: 1px !important;border-bottom-width: 1px !important;border-left-width: 1px !important;padding-right: 30px !important;padding-left: 30px !important;border-left-color: #efefef !important;border-left-style: solid !important;border-right-color: #efefef !important;border-right-style: solid !important;border-top-color: #efefef !important;border-top-style: solid !important;border-bottom-color: #efefef !important;border-bottom-style: solid !important;}&#8221;][vc_column_text css=&#8221;&#8221;]<\/p>\n<h3>Office and warehouse in Latvia<\/h3>\n<p>SIA \u201cFuturus Food\u201d, Latvia<br \/>\nAddress: Vienibas gatve 26a, Riga, LV-1004<br \/>\nPhone: +371 676 22244<br \/>\nE-mail:<a href=\"mailto:info@futurusfood.lv\"> info@futurusfood.lv<\/a><\/p>\n<p>[\/vc_column_text][\/vc_column_inner][vc_column_inner width=&#8221;1\/2&#8243; css=&#8221;.vc_custom_1698147704460{border-top-width: 1px !important;border-right-width: 1px !important;border-bottom-width: 1px !important;border-left-width: 1px !important;padding-right: 30px !important;padding-left: 30px !important;border-left-color: #efefef !important;border-left-style: solid !important;border-right-color: #efefef !important;border-right-style: solid !important;border-top-color: #efefef !important;border-top-style: solid !important;border-bottom-color: #efefef !important;border-bottom-style: solid !important;}&#8221;][vc_column_text css=&#8221;&#8221;]<\/p>\n<h3>Office and warehouse in Estonia<\/h3>\n<p>OU \u201cSalesproff\u201d, Estonia<br \/>\nAddress: Rukki tee 6, Lehmja village, Harjumaa<br \/>\nPhone: +372 656 2885<br \/>\nE-mail: <a href=\"mailto:info@salesproff.ee\">info@salesproff.ee<\/a><\/p>\n<p>[\/vc_column_text][\/vc_column_inner][\/vc_row_inner][\/vc_column][vc_column width=&#8221;1\/3&#8243; css=&#8221;.vc_custom_1698148338028{padding-top: 30px !important;padding-right: 30px !important;padding-bottom: 30px !important;padding-left: 30px !important;background-color: #fafafa !important;}&#8221;][vc_custom_heading text=&#8221;Write us&#8221; font_container=&#8221;tag:h3|text_align:left&#8221; use_theme_fonts=&#8221;yes&#8221;]<style id=\"wpforms-css-vars-860\">\n\t\t\t\t#wpforms-860 {\n\t\t\t\t\n\t\t\t}\n\t\t\t<\/style><div class=\"wpforms-container wpforms-container-full wpforms-render-modern\" id=\"wpforms-860\"><form id=\"wpforms-form-860\" class=\"wpforms-validate wpforms-form wpforms-ajax-form\" data-formid=\"860\" method=\"post\" enctype=\"multipart\/form-data\" action=\"\/en\/wp-json\/wp\/v2\/pages\/838\" data-token=\"dc34fd6e553b604a4b944cc1df58afc8\" data-token-time=\"1776771317\"><noscript class=\"wpforms-error-noscript\">Please enable JavaScript in your browser to complete this form.<\/noscript><div id=\"wpforms-error-noscript\" style=\"display: none;\">Please enable JavaScript in your browser to complete this form.<\/div><div class=\"wpforms-field-container\"><div id=\"wpforms-860-field_1-container\" class=\"wpforms-field wpforms-field-text\" data-field-id=\"1\"><label class=\"wpforms-field-label wpforms-label-hide\" for=\"wpforms-860-field_1\" aria-hidden=\"false\">Your name  <span class=\"wpforms-required-label\" aria-hidden=\"true\">*<\/span><\/label><input type=\"text\" id=\"wpforms-860-field_1\" class=\"wpforms-field-large wpforms-field-required\" name=\"wpforms[fields][1]\" placeholder=\"Your name\" aria-errormessage=\"wpforms-860-field_1-error\" required><\/div><div id=\"wpforms-860-field_2-container\" class=\"wpforms-field wpforms-field-layout\" data-field-id=\"2\"><div class=\"wpforms-field-layout-columns wpforms-field-layout-preset-50-50\"><div class=\"wpforms-layout-column wpforms-layout-column-50\" ><div id=\"wpforms-860-field_3-container\" class=\"wpforms-field wpforms-field-email\" data-field-id=\"3\"><label class=\"wpforms-field-label wpforms-label-hide\" for=\"wpforms-860-field_3\" aria-hidden=\"false\">E-mail <span class=\"wpforms-required-label\" aria-hidden=\"true\">*<\/span><\/label><input type=\"email\" id=\"wpforms-860-field_3\" class=\"wpforms-field-medium wpforms-field-required\" name=\"wpforms[fields][3]\" placeholder=\"E-mail\" spellcheck=\"false\" aria-errormessage=\"wpforms-860-field_3-error\" required><\/div><\/div><div class=\"wpforms-layout-column wpforms-layout-column-50\" ><div id=\"wpforms-860-field_4-container\" class=\"wpforms-field wpforms-field-phone\" data-field-id=\"4\"><label class=\"wpforms-field-label wpforms-label-hide\" for=\"wpforms-860-field_4\" aria-hidden=\"false\">Phone<\/label><input type=\"tel\" id=\"wpforms-860-field_4\" class=\"wpforms-field-medium\" data-rule-int-phone-field=\"true\" name=\"wpforms[fields][4]\" placeholder=\"Phone\" aria-label=\"Phone\" aria-errormessage=\"wpforms-860-field_4-error\" ><\/div><\/div><\/div><\/div><div id=\"wpforms-860-field_5-container\" class=\"wpforms-field wpforms-field-textarea\" data-field-id=\"5\"><label class=\"wpforms-field-label wpforms-label-hide\" for=\"wpforms-860-field_5\" aria-hidden=\"false\">Message <span class=\"wpforms-required-label\" aria-hidden=\"true\">*<\/span><\/label><textarea id=\"wpforms-860-field_5\" class=\"wpforms-field-medium wpforms-field-required\" name=\"wpforms[fields][5]\" placeholder=\"Message\" aria-errormessage=\"wpforms-860-field_5-error\" required><\/textarea><\/div><div id=\"wpforms-860-field_6-container\" class=\"wpforms-field wpforms-field-checkbox\" data-field-id=\"6\"><fieldset><legend class=\"wpforms-field-label wpforms-label-hide\" aria-hidden=\"false\">Privacy policy <span class=\"wpforms-required-label\" aria-hidden=\"true\">*<\/span><\/legend><ul id=\"wpforms-860-field_6\" class=\"wpforms-field-required\"><li class=\"choice-1 depth-1\"><input type=\"checkbox\" id=\"wpforms-860-field_6_1\" name=\"wpforms[fields][6][]\" value=\"I agree with &lt;a href=&quot;https:\/\/sakalas.eu\/en\/privacy-policy\/&quot; target=&quot;_blank&quot;&gt;privacy policy&lt;\/a&gt;.\" aria-errormessage=\"wpforms-860-field_6_1-error\" required ><label class=\"wpforms-field-label-inline\" for=\"wpforms-860-field_6_1\">I agree with <a href=\"https:\/\/sakalas.eu\/en\/privacy-policy\/\" target=\"_blank\">privacy policy<\/a>.<\/label><\/li><\/ul><\/fieldset><\/div><\/div><!-- .wpforms-field-container --><div class=\"wpforms-recaptcha-container wpforms-is-recaptcha wpforms-is-recaptcha-type-v2\" ><div class=\"g-recaptcha\" data-sitekey=\"6LfIN6YpAAAAAHp2JcpWgQZSbtIspNgM_8MvPSKH\"><\/div><input type=\"text\" name=\"g-recaptcha-hidden\" class=\"wpforms-recaptcha-hidden\" style=\"position:absolute!important;clip:rect(0,0,0,0)!important;height:1px!important;width:1px!important;border:0!important;overflow:hidden!important;padding:0!important;margin:0!important;\" data-rule-recaptcha=\"1\"><\/div><div class=\"wpforms-submit-container\" ><input type=\"hidden\" name=\"wpforms[id]\" value=\"860\"><input type=\"hidden\" name=\"page_title\" value=\"\"><input type=\"hidden\" name=\"page_url\" value=\"https:\/\/sakalas.eu\/en\/wp-json\/wp\/v2\/pages\/838\"><input type=\"hidden\" name=\"url_referer\" value=\"\"><button type=\"submit\" name=\"wpforms[submit]\" id=\"wpforms-submit-860\" class=\"wpforms-submit\" data-alt-text=\"Sending...\" data-submit-text=\"Submit\" aria-live=\"assertive\" value=\"wpforms-submit\">Submit<\/button><img loading=\"lazy\" decoding=\"async\" src=\"https:\/\/sakalas.eu\/wp-content\/plugins\/wpforms\/assets\/images\/submit-spin.svg\" class=\"wpforms-submit-spinner\" style=\"display: none;\" width=\"26\" height=\"26\" alt=\"Loading\"><\/div><\/form><\/div>  <!-- .wpforms-container -->[\/vc_column][\/vc_row]<\/p>\n<\/div>","protected":false},"excerpt":{"rendered":"<p>[vc_row full_width=&#8221;stretch_row&#8221; css_animation=&#8221;fadeIn&#8221; bg_type=&#8221;image&#8221; parallax_style=&#8221;vcpb-default&#8221; bg_image_new=&#8221;id^105|url^https:\/\/sakalas.eu\/wp-content\/uploads\/2023\/10\/FTS.jpg|caption^null|alt^null|title^FTS|description^null&#8221; bg_image_repeat=&#8221;no-repeat&#8221; css=&#8221;.vc_custom_1709674981667{margin-top: -50px !important;padding-top: 70px !important;padding-bottom: 70px !important;}&#8221; el_class=&#8221;row-bg-gradient&#8221;][vc_column width=&#8221;7\/12&#8243;][vc_custom_heading text=&#8221;Contacts&#8221; font_container=&#8221;tag:h1|text_align:left|color:%23ffffff&#8221; use_theme_fonts=&#8221;yes&#8221; css=&#8221;.vc_custom_1709496565586{margin-bottom: 30px !important;}&#8221;][\/vc_column][vc_column width=&#8221;5\/12&#8243;][\/vc_column][\/vc_row][vc_row gap=&#8221;30&#8243; css=&#8221;.vc_custom_1698147850169{margin-top: 40px !important;}&#8221;][vc_column width=&#8221;2\/3&#8243; css=&#8221;.vc_custom_1698147776127{padding-top: 0px !important;}&#8221;][vc_row_inner equal_height=&#8221;yes&#8221; gap=&#8221;30&#8243; css=&#8221;.vc_custom_1698147830766{margin-top: -15px !important;}&#8221;][vc_column_inner width=&#8221;1\/2&#8243; css=&#8221;.vc_custom_1698147795967{border-top-width: 1px !important;border-right-width: 1px !important;border-bottom-width: 1px !important;border-left-width: 1px !important;padding-right: 30px !important;padding-left: 30px !important;border-left-color: #efefef !important;border-left-style: solid !important;border-right-color: #efefef&hellip;<\/p>\n","protected":false},"author":1,"featured_media":0,"parent":0,"menu_order":0,"comment_status":"closed","ping_status":"closed","template":"","meta":{"footnotes":""},"class_list":["post-838","page","type-page","status-publish","hentry","description-off"],"yoast_head":"<!-- This site is optimized with the Yoast SEO plugin v27.0 - https:\/\/yoast.com\/product\/yoast-seo-wordpress\/ -->\n<title>Contacts - Sakalas<\/title>\n<meta name=\"robots\" content=\"index, follow, max-snippet:-1, max-image-preview:large, max-video-preview:-1\" \/>\n<link rel=\"canonical\" href=\"https:\/\/sakalas.eu\/en\/contacts\/\" \/>\n<meta property=\"og:locale\" content=\"en_US\" \/>\n<meta property=\"og:type\" content=\"article\" \/>\n<meta property=\"og:title\" content=\"Contacts - Sakalas\" \/>\n<meta property=\"og:description\" content=\"[vc_row full_width=&#8221;stretch_row&#8221; css_animation=&#8221;fadeIn&#8221; bg_type=&#8221;image&#8221; parallax_style=&#8221;vcpb-default&#8221; bg_image_new=&#8221;id^105|url^https:\/\/sakalas.eu\/wp-content\/uploads\/2023\/10\/FTS.jpg|caption^null|alt^null|title^FTS|description^null&#8221; bg_image_repeat=&#8221;no-repeat&#8221; css=&#8221;.vc_custom_1709674981667{margin-top: -50px !important;padding-top: 70px !important;padding-bottom: 70px !important;}&#8221; el_class=&#8221;row-bg-gradient&#8221;][vc_column width=&#8221;7\/12&#8243;][vc_custom_heading text=&#8221;Contacts&#8221; font_container=&#8221;tag:h1|text_align:left|color:%23ffffff&#8221; use_theme_fonts=&#8221;yes&#8221; css=&#8221;.vc_custom_1709496565586{margin-bottom: 30px !important;}&#8221;][\/vc_column][vc_column width=&#8221;5\/12&#8243;][\/vc_column][\/vc_row][vc_row gap=&#8221;30&#8243; css=&#8221;.vc_custom_1698147850169{margin-top: 40px !important;}&#8221;][vc_column width=&#8221;2\/3&#8243; css=&#8221;.vc_custom_1698147776127{padding-top: 0px !important;}&#8221;][vc_row_inner equal_height=&#8221;yes&#8221; gap=&#8221;30&#8243; css=&#8221;.vc_custom_1698147830766{margin-top: -15px !important;}&#8221;][vc_column_inner width=&#8221;1\/2&#8243; css=&#8221;.vc_custom_1698147795967{border-top-width: 1px !important;border-right-width: 1px !important;border-bottom-width: 1px !important;border-left-width: 1px !important;padding-right: 30px !important;padding-left: 30px !important;border-left-color: #efefef !important;border-left-style: solid !important;border-right-color: #efefef&hellip;\" \/>\n<meta property=\"og:url\" content=\"https:\/\/sakalas.eu\/en\/contacts\/\" \/>\n<meta property=\"og:site_name\" content=\"Sakalas\" \/>\n<meta property=\"article:modified_time\" content=\"2026-01-21T09:18:26+00:00\" \/>\n<meta property=\"og:image\" content=\"https:\/\/sakalas.eu\/wp-content\/uploads\/2023\/12\/Sakalas.jpg\" \/>\n\t<meta property=\"og:image:width\" content=\"2048\" \/>\n\t<meta property=\"og:image:height\" content=\"1365\" \/>\n\t<meta property=\"og:image:type\" content=\"image\/jpeg\" \/>\n<meta name=\"twitter:card\" content=\"summary_large_image\" \/>\n<meta name=\"twitter:label1\" content=\"Est. reading time\" \/>\n\t<meta name=\"twitter:data1\" content=\"2 minutes\" \/>\n<script type=\"application\/ld+json\" class=\"yoast-schema-graph\">{\"@context\":\"https:\/\/schema.org\",\"@graph\":[{\"@type\":\"WebPage\",\"@id\":\"https:\/\/sakalas.eu\/en\/contacts\/\",\"url\":\"https:\/\/sakalas.eu\/en\/contacts\/\",\"name\":\"Contacts - Sakalas\",\"isPartOf\":{\"@id\":\"https:\/\/sakalas.eu\/#website\"},\"datePublished\":\"2023-10-18T19:14:30+00:00\",\"dateModified\":\"2026-01-21T09:18:26+00:00\",\"breadcrumb\":{\"@id\":\"https:\/\/sakalas.eu\/en\/contacts\/#breadcrumb\"},\"inLanguage\":\"en-US\",\"potentialAction\":[{\"@type\":\"ReadAction\",\"target\":[\"https:\/\/sakalas.eu\/en\/contacts\/\"]}]},{\"@type\":\"BreadcrumbList\",\"@id\":\"https:\/\/sakalas.eu\/en\/contacts\/#breadcrumb\",\"itemListElement\":[{\"@type\":\"ListItem\",\"position\":1,\"name\":\"Home\",\"item\":\"https:\/\/sakalas.eu\/en\/\"},{\"@type\":\"ListItem\",\"position\":2,\"name\":\"Contacts\"}]},{\"@type\":\"WebSite\",\"@id\":\"https:\/\/sakalas.eu\/#website\",\"url\":\"https:\/\/sakalas.eu\/\",\"name\":\"Sakalas\",\"description\":\"\",\"potentialAction\":[{\"@type\":\"SearchAction\",\"target\":{\"@type\":\"EntryPoint\",\"urlTemplate\":\"https:\/\/sakalas.eu\/?s={search_term_string}\"},\"query-input\":{\"@type\":\"PropertyValueSpecification\",\"valueRequired\":true,\"valueName\":\"search_term_string\"}}],\"inLanguage\":\"en-US\"}]}<\/script>\n<!-- \/ Yoast SEO plugin. -->","yoast_head_json":{"title":"Contacts - Sakalas","robots":{"index":"index","follow":"follow","max-snippet":"max-snippet:-1","max-image-preview":"max-image-preview:large","max-video-preview":"max-video-preview:-1"},"canonical":"https:\/\/sakalas.eu\/en\/contacts\/","og_locale":"en_US","og_type":"article","og_title":"Contacts - Sakalas","og_description":"[vc_row full_width=&#8221;stretch_row&#8221; css_animation=&#8221;fadeIn&#8221; bg_type=&#8221;image&#8221; parallax_style=&#8221;vcpb-default&#8221; bg_image_new=&#8221;id^105|url^https:\/\/sakalas.eu\/wp-content\/uploads\/2023\/10\/FTS.jpg|caption^null|alt^null|title^FTS|description^null&#8221; bg_image_repeat=&#8221;no-repeat&#8221; css=&#8221;.vc_custom_1709674981667{margin-top: -50px !important;padding-top: 70px !important;padding-bottom: 70px !important;}&#8221; el_class=&#8221;row-bg-gradient&#8221;][vc_column width=&#8221;7\/12&#8243;][vc_custom_heading text=&#8221;Contacts&#8221; font_container=&#8221;tag:h1|text_align:left|color:%23ffffff&#8221; use_theme_fonts=&#8221;yes&#8221; css=&#8221;.vc_custom_1709496565586{margin-bottom: 30px !important;}&#8221;][\/vc_column][vc_column width=&#8221;5\/12&#8243;][\/vc_column][\/vc_row][vc_row gap=&#8221;30&#8243; css=&#8221;.vc_custom_1698147850169{margin-top: 40px !important;}&#8221;][vc_column width=&#8221;2\/3&#8243; css=&#8221;.vc_custom_1698147776127{padding-top: 0px !important;}&#8221;][vc_row_inner equal_height=&#8221;yes&#8221; gap=&#8221;30&#8243; css=&#8221;.vc_custom_1698147830766{margin-top: -15px !important;}&#8221;][vc_column_inner width=&#8221;1\/2&#8243; css=&#8221;.vc_custom_1698147795967{border-top-width: 1px !important;border-right-width: 1px !important;border-bottom-width: 1px !important;border-left-width: 1px !important;padding-right: 30px !important;padding-left: 30px !important;border-left-color: #efefef !important;border-left-style: solid !important;border-right-color: #efefef&hellip;","og_url":"https:\/\/sakalas.eu\/en\/contacts\/","og_site_name":"Sakalas","article_modified_time":"2026-01-21T09:18:26+00:00","og_image":[{"width":2048,"height":1365,"url":"https:\/\/sakalas.eu\/wp-content\/uploads\/2023\/12\/Sakalas.jpg","type":"image\/jpeg"}],"twitter_card":"summary_large_image","twitter_misc":{"Est. reading time":"2 minutes"},"schema":{"@context":"https:\/\/schema.org","@graph":[{"@type":"WebPage","@id":"https:\/\/sakalas.eu\/en\/contacts\/","url":"https:\/\/sakalas.eu\/en\/contacts\/","name":"Contacts - Sakalas","isPartOf":{"@id":"https:\/\/sakalas.eu\/#website"},"datePublished":"2023-10-18T19:14:30+00:00","dateModified":"2026-01-21T09:18:26+00:00","breadcrumb":{"@id":"https:\/\/sakalas.eu\/en\/contacts\/#breadcrumb"},"inLanguage":"en-US","potentialAction":[{"@type":"ReadAction","target":["https:\/\/sakalas.eu\/en\/contacts\/"]}]},{"@type":"BreadcrumbList","@id":"https:\/\/sakalas.eu\/en\/contacts\/#breadcrumb","itemListElement":[{"@type":"ListItem","position":1,"name":"Home","item":"https:\/\/sakalas.eu\/en\/"},{"@type":"ListItem","position":2,"name":"Contacts"}]},{"@type":"WebSite","@id":"https:\/\/sakalas.eu\/#website","url":"https:\/\/sakalas.eu\/","name":"Sakalas","description":"","potentialAction":[{"@type":"SearchAction","target":{"@type":"EntryPoint","urlTemplate":"https:\/\/sakalas.eu\/?s={search_term_string}"},"query-input":{"@type":"PropertyValueSpecification","valueRequired":true,"valueName":"search_term_string"}}],"inLanguage":"en-US"}]}},"_links":{"self":[{"href":"https:\/\/sakalas.eu\/en\/wp-json\/wp\/v2\/pages\/838","targetHints":{"allow":["GET"]}}],"collection":[{"href":"https:\/\/sakalas.eu\/en\/wp-json\/wp\/v2\/pages"}],"about":[{"href":"https:\/\/sakalas.eu\/en\/wp-json\/wp\/v2\/types\/page"}],"author":[{"embeddable":true,"href":"https:\/\/sakalas.eu\/en\/wp-json\/wp\/v2\/users\/1"}],"replies":[{"embeddable":true,"href":"https:\/\/sakalas.eu\/en\/wp-json\/wp\/v2\/comments?post=838"}],"version-history":[{"count":9,"href":"https:\/\/sakalas.eu\/en\/wp-json\/wp\/v2\/pages\/838\/revisions"}],"predecessor-version":[{"id":1555,"href":"https:\/\/sakalas.eu\/en\/wp-json\/wp\/v2\/pages\/838\/revisions\/1555"}],"wp:attachment":[{"href":"https:\/\/sakalas.eu\/en\/wp-json\/wp\/v2\/media?parent=838"}],"curies":[{"name":"wp","href":"https:\/\/api.w.org\/{rel}","templated":true}]}}