{"id":12,"date":"2023-10-18T22:13:54","date_gmt":"2023-10-18T19:13:54","guid":{"rendered":"https:\/\/sakalas.eu\/?page_id=12"},"modified":"2026-01-21T13:11:00","modified_gmt":"2026-01-21T11:11:00","slug":"imone","status":"publish","type":"page","link":"https:\/\/sakalas.eu\/en\/imone\/","title":{"rendered":"\u012emon\u0117"},"content":{"rendered":"<div class=\"wpb-content-wrapper\"><p>[vc_row full_width=&#8221;stretch_row&#8221; css_animation=&#8221;fadeIn&#8221; bg_type=&#8221;image&#8221; parallax_style=&#8221;vcpb-default&#8221; bg_image_new=&#8221;id^105|url^https:\/\/sakalas.eu\/wp-content\/uploads\/2023\/10\/FTS.jpg|caption^null|alt^null|title^FTS|description^null&#8221; bg_image_repeat=&#8221;no-repeat&#8221; css=&#8221;.vc_custom_1712152566336{margin-top: -50px !important;padding-top: 100px !important;padding-bottom: 100px !important;}&#8221; el_class=&#8221;row-bg-gradient&#8221;][vc_column width=&#8221;7\/12&#8243;][vc_custom_heading text=&#8221;Patikimas distribucijos partneris Baltijos \u0161alyse&#8221; font_container=&#8221;tag:h1|text_align:left|color:%23ffffff&#8221; use_theme_fonts=&#8221;yes&#8221; css=&#8221;.vc_custom_1697658280473{margin-bottom: 30px !important;}&#8221;][vc_column_text el_class=&#8221;white ltext&#8221;]Pardavimai, rinkodara, prekyba ir logistika[\/vc_column_text][\/vc_column][vc_column width=&#8221;5\/12&#8243;][\/vc_column][\/vc_row][vc_row gap=&#8221;30&#8243; equal_height=&#8221;yes&#8221; content_placement=&#8221;middle&#8221; css_animation=&#8221;fadeInUp&#8221; css=&#8221;.vc_custom_1708549789624{margin-top: 50px !important;}&#8221;][vc_column width=&#8221;1\/12&#8243;][\/vc_column][vc_column width=&#8221;6\/12&#8243;][vc_custom_heading text=&#8221;Apie mus&#8221; use_theme_fonts=&#8221;yes&#8221; css=&#8221;.vc_custom_1697658993607{margin-bottom: 20px !important;}&#8221;][vc_column_text css=&#8221;&#8221;]M\u016bs\u0173 \u012fmon\u0117 UAB \u201eSakalas\u201c buvo \u012fkurta 1991 metais. Savo veikl\u0105 prad\u0117jome importo bei didmenin\u0117s prekybos srityse, dirbdami su pasaulyje \u017einomomis \u012fmon\u0117mis, kaip STORCK, HENKEL, DILMAH ir daugybe kit\u0173. \u0160iuo metu \u201eSakalas\u201c yra vienas stipriausi\u0173 distribucijos paslaug\u0173 teik\u0117j\u0173 Baltijos \u0161ali\u0173 regione. Mes did\u017eiuojam\u0117s savo profesionali\u0173 darbuotoj\u0173 komanda, teikiam\u0173 paslaug\u0173 kokybe bei i\u0161vystyta distribucijos sistema.<\/p>\n<p>Pl\u0117sdama veikl\u0105 Baltijos regione, UAB \u201eSakalas\u201c \u012fsigijo Latvijos bendrov\u0119 SIA \u201eFuturus Food\u201c \u2013 vien\u0105 did\u017eiausi\u0173 maisto produkt\u0173 ir logistikos paslaug\u0173 teik\u0117j\u0173 Latvijoje. \u0160is strateginis \u017eingsnis sustiprino \u012fmon\u0117s pozicijas Baltijos \u0161alyse, leido i\u0161pl\u0117sti produkt\u0173 asortiment\u0105, sustiprinti logistikos infrastrukt\u016br\u0105 ir pasi\u016blyti klientams dar lankstesnius sprendimus regione.[\/vc_column_text][vc_empty_space height=&#8221;20px&#8221;][vc_row_inner][vc_column_inner width=&#8221;1\/2&#8243; offset=&#8221;vc_col-xs-6&#8243;][vc_column_text css=&#8221;.vc_custom_1764675984943{margin-bottom: 18px !important;}&#8221; el_class=&#8221;emp&#8221;]34[\/vc_column_text][vc_column_text]metai patirties[\/vc_column_text][\/vc_column_inner][vc_column_inner width=&#8221;1\/2&#8243; offset=&#8221;vc_col-xs-6&#8243;][vc_column_text css=&#8221;.vc_custom_1697659321317{margin-bottom: 18px !important;}&#8221; el_class=&#8221;emp&#8221;]3[\/vc_column_text][vc_column_text]Baltijos \u0161alys[\/vc_column_text][\/vc_column_inner][\/vc_row_inner][vc_row_inner css=&#8221;.vc_custom_1697659419746{margin-top: 20px !important;}&#8221;][vc_column_inner width=&#8221;1\/2&#8243; offset=&#8221;vc_col-xs-6&#8243;][vc_column_text css=&#8221;.vc_custom_1697659338187{margin-bottom: 18px !important;}&#8221; el_class=&#8221;emp&#8221;]5[\/vc_column_text][vc_column_text]padaliniai Lietuvoje[\/vc_column_text][\/vc_column_inner][vc_column_inner width=&#8221;1\/2&#8243; offset=&#8221;vc_col-xs-6&#8243;][vc_column_text css=&#8221;.vc_custom_1697659367468{margin-bottom: 18px !important;}&#8221; el_class=&#8221;emp&#8221;]100+[\/vc_column_text][vc_column_text]prek\u0117s \u017eenkl\u0173[\/vc_column_text][\/vc_column_inner][\/vc_row_inner][\/vc_column][vc_column width=&#8221;4\/12&#8243;][vc_single_image image=&#8221;57&#8243; img_size=&#8221;full&#8221; alignment=&#8221;center&#8221;][\/vc_column][vc_column width=&#8221;1\/12&#8243;][\/vc_column][\/vc_row][vc_row equal_height=&#8221;yes&#8221; css_animation=&#8221;fadeInUp&#8221; css=&#8221;.vc_custom_1708549794904{margin-top: 50px !important;}&#8221;][vc_column width=&#8221;1\/3&#8243; css=&#8221;.vc_custom_1697660380358{padding-right: 0px !important;padding-left: 0px !important;}&#8221;][vc_single_image image=&#8221;60&#8243; img_size=&#8221;full&#8221; css=&#8221;.vc_custom_1697660400240{margin-bottom: 0px !important;}&#8221;][\/vc_column][vc_column width=&#8221;2\/3&#8243; css=&#8221;.vc_custom_1699562642771{padding-top: 0px !important;background-color: #001689 !important;}&#8221;][vc_row_inner css=&#8221;.vc_custom_1697660888417{padding-top: 50px !important;padding-bottom: 50px !important;background-color: #fafafa !important;}&#8221;][vc_column_inner][vc_single_image image=&#8221;353&#8243; img_size=&#8221;full&#8221; alignment=&#8221;center&#8221;][\/vc_column_inner][\/vc_row_inner][vc_row_inner css=&#8221;.vc_custom_1697660716820{padding-top: 50px !important;padding-right: 50px !important;padding-bottom: 50px !important;padding-left: 50px !important;}&#8221;][vc_column_inner][vc_custom_heading text=&#8221;K\u0105 Sakalas rei\u0161kia mums?&#8221; font_container=&#8221;tag:h2|text_align:left|color:%23ffffff&#8221; use_theme_fonts=&#8221;yes&#8221; css=&#8221;.vc_custom_1697660699720{margin-bottom: 20px !important;}&#8221;][vc_column_text el_class=&#8221;white&#8221;]M\u016bs\u0173 \u012fmon\u0117s pavadinimas \u201eSakalas\u201c atspindi daug savybi\u0173, kurios leid\u017eia apib\u016bdinti pa\u010di\u0105 \u012fmon\u0117. Sakalas \u2013 tai ne tik labai protingas, bet ir ver\u017elus bei greitas pauk\u0161tis. Kaip sakalui, taip ir verslo \u012fmonei, reikia priimti protingus ir greitus sprendimus. M\u016bs\u0173 nuomone, distribucijos ir pardavim\u0173 rinka turi pana\u0161um\u0173 su laukin\u0117s gamtos s\u0105lygomis.<\/p>\n<p>M\u016bs\u0173 verslo aplinkoje privaloma tur\u0117ti gerus \u201emed\u017eiokl\u0117s\u201c \u012fg\u016bd\u017eius bei pasitelkti taktinius sugeb\u0117jimus, norint i\u0161siskirti bei pirmauti rinkoje. Mes tikime, jog sunkumuose visada slypi galimyb\u0117s. Pasitelkiant gerus analitikos ir taktinius \u012fg\u016bd\u017eius bei prid\u0117jus kompetetingus darbuotojus, mes galime b\u016bti tikri, jog savo klientams si\u016blome auk\u0161\u010diausios kokyb\u0117s paslaugas.[\/vc_column_text][\/vc_column_inner][\/vc_row_inner][\/vc_column][\/vc_row][vc_row gap=&#8221;30&#8243; equal_height=&#8221;yes&#8221; content_placement=&#8221;middle&#8221; css_animation=&#8221;fadeInUp&#8221; css=&#8221;.vc_custom_1697719870268{margin-top: 100px !important;}&#8221;][vc_column width=&#8221;1\/4&#8243;][\/vc_column][vc_column width=&#8221;1\/2&#8243;][vc_custom_heading text=&#8221;M\u016bs\u0173 stipryb\u0117s&#8221; use_theme_fonts=&#8221;yes&#8221; css=&#8221;.vc_custom_1698146303477{margin-bottom: 20px !important;}&#8221;]<div class=\"standard-arrow list-divider bullet-top\"><ul>\n<li>Profesionalios, kiekvieno kliento l\u016bkes\u010dius atitinkan\u010dios paslaugos<\/li>\n<li>Inovacij\u0173 taikymas darbo procesuose, lanksti ir greita reakcija \u012f rinkos poky\u010dius<\/li>\n<li>Nauj\u0173 klient\u0173 bei partneri\u0173 pritraukimas, ilgalaiki\u0173 ir glaud\u017ei\u0173 santyki\u0173 i\u0161laikymas<\/li>\n<li>Skaidri ir s\u0105\u017eininga veikla klient\u0173, partneri\u0173, darbuotoj\u0173 ir konkurent\u0173 at\u017evilgiu<\/li>\n<\/ul>\n<\/div>[vc_custom_heading text=&#8221;M\u016bs\u0173 vizija&#8221; use_theme_fonts=&#8221;yes&#8221; css=&#8221;&#8221;]<div class=\"standard-arrow list-divider bullet-top\"><p>Patikimas distribucijos partneris Baltijos \u0161alyse<\/p>\n<\/div>[vc_custom_heading text=&#8221;M\u016bs\u0173 misija&#8221; use_theme_fonts=&#8221;yes&#8221; css=&#8221;&#8221;]<div class=\"standard-arrow list-divider bullet-top\"><p data-pm-slice=\"0 0 []\">Profesionali\u0173, auk\u0161\u010diausios kokyb\u0117s kompleksini\u0173 distribucijos paslaug\u0173 teikimas<\/p>\n<\/div>[vc_column_text css=&#8221;&#8221;]Vykdydami preki\u0173 distribucijos veikl\u0105, remiam\u0117s profesionalumo, inovatyvumo, patikimumo ir skaidrumo principais. Mes vertiname distribucijos versl\u0105 kaip tinkam\u0105 ir abipusiai pelning\u0105 bendradarbiavim\u0105 tarp pagrindini\u0173 \u0161ali\u0173: tiek\u0117jo ir platintojo, platintojo ir ma\u017emenininko, platintojo ir prek\u0117s \u017eenklo, prek\u0117s \u017eenklo ir vartotojo.[\/vc_column_text][vc_custom_heading text=&#8221;M\u016bs\u0173 \u012fsipareigojimai&#8221; use_theme_fonts=&#8221;yes&#8221; css=&#8221;&#8221;]<div class=\"standard-arrow list-divider bullet-top\"><ul>\n<li>paslaugas teikti vadovaujantis LR verslo \u0161ak\u0105 reglamentuojan\u010diais teis\u0117s aktais bei kitais reikalavimais, kuriuos organizacija prisiima vykdyti siekdama veiklos atitikties standartui ISO 9001:2015; ISO 9001:2015\/AMD1:2024;<\/li>\n<li>dirbti tik su patikimais tiek\u0117jais, siekiant, kad j\u0173 produktai, paslaugos, darbuotoj\u0173 darbo s\u0105lygos, technologijos atitikt\u0173 m\u016bs\u0173 bendrov\u0117s Kokyb\u0117s politik\u0105, keliamus Kokyb\u0117s tikslus ir teisinius reikalavimus.<\/li>\n<li>nuolat gerinti nuolatinius ry\u0161ius su savo partneriais, klientais ir tiek\u0117jais;<\/li>\n<li>ugdyti darbuotoj\u0173 kompetencij\u0105 ir kvalifikacij\u0105 profesin\u0117je srityje;<\/li>\n<li>diegti naujoves ir ie\u0161koti sprendim\u0173 vykdomos veiklos ir teikiam\u0173 paslaug\u0173 kokyb\u0117s gerinimui;<\/li>\n<li>nuolat gerinti Kokyb\u0117s vadybos sistemos rezultatyvum\u0105, atsi\u017evelgiant \u012f veiklos rezultatus, darbuotoj\u0173 pasi\u016blymus, klient\u0173 ir partneri\u0173 atsiliepimus.<\/li>\n<\/ul>\n<\/div>[\/vc_column][vc_column width=&#8221;1\/4&#8243;][\/vc_column][vc_column][\/vc_column][vc_column][\/vc_column][\/vc_row][vc_row full_width=&#8221;stretch_row&#8221; full_height=&#8221;yes&#8221; css_animation=&#8221;fadeIn&#8221; bg_type=&#8221;image&#8221; parallax_style=&#8221;vcpb-default&#8221; bg_image_new=&#8221;id^857|url^https:\/\/sakalas.eu\/wp-content\/uploads\/2024\/03\/B21W2609.jpg|caption^null|alt^null|title^B21W2609|description^null&#8221; bg_image_repeat=&#8221;no-repeat&#8221; css=&#8221;.vc_custom_1709674221356{margin-top: 100px !important;margin-bottom: -50px !important;}&#8221; el_class=&#8221;row-bg-gradient&#8221;][vc_column width=&#8221;7\/12&#8243;][vc_custom_heading text=&#8221;Prisijunkite prie m\u016bs\u0173 atstovaujam\u0173 prekini\u0173 \u017eenkl\u0173&#8221; font_container=&#8221;tag:h1|text_align:left|color:%23ffffff&#8221; use_theme_fonts=&#8221;yes&#8221; css=&#8221;.vc_custom_1697661958561{margin-bottom: 30px !important;}&#8221;][vc_column_text el_class=&#8221;white ltext&#8221;]Atstovaujame daugiau nei 100 \u017einomiausi\u0173 preki\u0173 \u017eenkl\u0173.[\/vc_column_text]<style type=\"text\/css\" data-type=\"the7_shortcodes-inline-css\">#default-btn-8440713cf2320af87bc5be5879a0cafd.ico-right-side > i {\n  margin-right: 0px;\n  margin-left: 8px;\n}\n#default-btn-8440713cf2320af87bc5be5879a0cafd > i {\n  margin-right: 8px;\n}<\/style><a href=\"https:\/\/sakalas.eu\/kontaktai\/\" class=\"default-btn-shortcode dt-btn dt-btn-l link-hover-off btn-inline-left  vc_custom_1698146198338\" id=\"default-btn-8440713cf2320af87bc5be5879a0cafd\" title=\"Kontaktai\"><span>Pasikalb\u0117kime<\/span><\/a>[\/vc_column][vc_column width=&#8221;5\/12&#8243;][\/vc_column][vc_column][\/vc_column][\/vc_row]<\/p>\n<\/div>","protected":false},"excerpt":{"rendered":"<p>[vc_row full_width=&#8221;stretch_row&#8221; css_animation=&#8221;fadeIn&#8221; bg_type=&#8221;image&#8221; parallax_style=&#8221;vcpb-default&#8221; bg_image_new=&#8221;id^105|url^https:\/\/sakalas.eu\/wp-content\/uploads\/2023\/10\/FTS.jpg|caption^null|alt^null|title^FTS|description^null&#8221; bg_image_repeat=&#8221;no-repeat&#8221; css=&#8221;.vc_custom_1712152566336{margin-top: -50px !important;padding-top: 100px !important;padding-bottom: 100px !important;}&#8221; el_class=&#8221;row-bg-gradient&#8221;][vc_column width=&#8221;7\/12&#8243;][vc_custom_heading text=&#8221;Patikimas distribucijos partneris Baltijos \u0161alyse&#8221; font_container=&#8221;tag:h1|text_align:left|color:%23ffffff&#8221; use_theme_fonts=&#8221;yes&#8221; css=&#8221;.vc_custom_1697658280473{margin-bottom: 30px !important;}&#8221;][vc_column_text el_class=&#8221;white ltext&#8221;]Pardavimai, rinkodara, prekyba ir logistika[\/vc_column_text][\/vc_column][vc_column width=&#8221;5\/12&#8243;][\/vc_column][\/vc_row][vc_row gap=&#8221;30&#8243; equal_height=&#8221;yes&#8221; content_placement=&#8221;middle&#8221; css_animation=&#8221;fadeInUp&#8221; css=&#8221;.vc_custom_1708549789624{margin-top: 50px !important;}&#8221;][vc_column width=&#8221;1\/12&#8243;][\/vc_column][vc_column width=&#8221;6\/12&#8243;][vc_custom_heading text=&#8221;Apie mus&#8221; use_theme_fonts=&#8221;yes&#8221; css=&#8221;.vc_custom_1697658993607{margin-bottom: 20px !important;}&#8221;][vc_column_text css=&#8221;&#8221;]M\u016bs\u0173 \u012fmon\u0117 UAB \u201eSakalas\u201c buvo \u012fkurta 1991&hellip;<\/p>\n","protected":false},"author":1,"featured_media":0,"parent":0,"menu_order":0,"comment_status":"closed","ping_status":"closed","template":"","meta":{"footnotes":""},"class_list":["post-12","page","type-page","status-publish","hentry","description-off"],"yoast_head":"<!-- This site is optimized with the Yoast SEO plugin v27.0 - https:\/\/yoast.com\/product\/yoast-seo-wordpress\/ -->\n<title>\u012emon\u0117 - Sakalas<\/title>\n<meta name=\"robots\" content=\"index, follow, max-snippet:-1, max-image-preview:large, max-video-preview:-1\" \/>\n<link rel=\"canonical\" href=\"https:\/\/sakalas.eu\/imone\/\" \/>\n<meta property=\"og:locale\" content=\"en_US\" \/>\n<meta property=\"og:type\" content=\"article\" \/>\n<meta property=\"og:title\" content=\"\u012emon\u0117 - Sakalas\" \/>\n<meta property=\"og:description\" content=\"[vc_row full_width=&#8221;stretch_row&#8221; css_animation=&#8221;fadeIn&#8221; bg_type=&#8221;image&#8221; parallax_style=&#8221;vcpb-default&#8221; bg_image_new=&#8221;id^105|url^https:\/\/sakalas.eu\/wp-content\/uploads\/2023\/10\/FTS.jpg|caption^null|alt^null|title^FTS|description^null&#8221; bg_image_repeat=&#8221;no-repeat&#8221; css=&#8221;.vc_custom_1712152566336{margin-top: -50px !important;padding-top: 100px !important;padding-bottom: 100px !important;}&#8221; el_class=&#8221;row-bg-gradient&#8221;][vc_column width=&#8221;7\/12&#8243;][vc_custom_heading text=&#8221;Patikimas distribucijos partneris Baltijos \u0161alyse&#8221; font_container=&#8221;tag:h1|text_align:left|color:%23ffffff&#8221; use_theme_fonts=&#8221;yes&#8221; css=&#8221;.vc_custom_1697658280473{margin-bottom: 30px !important;}&#8221;][vc_column_text el_class=&#8221;white ltext&#8221;]Pardavimai, rinkodara, prekyba ir logistika[\/vc_column_text][\/vc_column][vc_column width=&#8221;5\/12&#8243;][\/vc_column][\/vc_row][vc_row gap=&#8221;30&#8243; equal_height=&#8221;yes&#8221; content_placement=&#8221;middle&#8221; css_animation=&#8221;fadeInUp&#8221; css=&#8221;.vc_custom_1708549789624{margin-top: 50px !important;}&#8221;][vc_column width=&#8221;1\/12&#8243;][\/vc_column][vc_column width=&#8221;6\/12&#8243;][vc_custom_heading text=&#8221;Apie mus&#8221; use_theme_fonts=&#8221;yes&#8221; css=&#8221;.vc_custom_1697658993607{margin-bottom: 20px !important;}&#8221;][vc_column_text css=&#8221;&#8221;]M\u016bs\u0173 \u012fmon\u0117 UAB \u201eSakalas\u201c buvo \u012fkurta 1991&hellip;\" \/>\n<meta property=\"og:url\" content=\"https:\/\/sakalas.eu\/imone\/\" \/>\n<meta property=\"og:site_name\" content=\"Sakalas\" \/>\n<meta property=\"article:modified_time\" content=\"2026-01-21T11:11:00+00:00\" \/>\n<meta property=\"og:image\" content=\"https:\/\/sakalas.eu\/wp-content\/uploads\/2023\/12\/Sakalas.jpg\" \/>\n\t<meta property=\"og:image:width\" content=\"2048\" \/>\n\t<meta property=\"og:image:height\" content=\"1365\" \/>\n\t<meta property=\"og:image:type\" content=\"image\/jpeg\" \/>\n<meta name=\"twitter:card\" content=\"summary_large_image\" \/>\n<meta name=\"twitter:label1\" content=\"Est. reading time\" \/>\n\t<meta name=\"twitter:data1\" content=\"4 minutes\" \/>\n<script type=\"application\/ld+json\" class=\"yoast-schema-graph\">{\"@context\":\"https:\/\/schema.org\",\"@graph\":[{\"@type\":\"WebPage\",\"@id\":\"https:\/\/sakalas.eu\/imone\/\",\"url\":\"https:\/\/sakalas.eu\/imone\/\",\"name\":\"\u012emon\u0117 - Sakalas\",\"isPartOf\":{\"@id\":\"https:\/\/sakalas.eu\/#website\"},\"datePublished\":\"2023-10-18T19:13:54+00:00\",\"dateModified\":\"2026-01-21T11:11:00+00:00\",\"breadcrumb\":{\"@id\":\"https:\/\/sakalas.eu\/imone\/#breadcrumb\"},\"inLanguage\":\"en-US\",\"potentialAction\":[{\"@type\":\"ReadAction\",\"target\":[\"https:\/\/sakalas.eu\/imone\/\"]}]},{\"@type\":\"BreadcrumbList\",\"@id\":\"https:\/\/sakalas.eu\/imone\/#breadcrumb\",\"itemListElement\":[{\"@type\":\"ListItem\",\"position\":1,\"name\":\"Home\",\"item\":\"https:\/\/sakalas.eu\/en\/\"},{\"@type\":\"ListItem\",\"position\":2,\"name\":\"\u012emon\u0117\"}]},{\"@type\":\"WebSite\",\"@id\":\"https:\/\/sakalas.eu\/#website\",\"url\":\"https:\/\/sakalas.eu\/\",\"name\":\"Sakalas\",\"description\":\"\",\"potentialAction\":[{\"@type\":\"SearchAction\",\"target\":{\"@type\":\"EntryPoint\",\"urlTemplate\":\"https:\/\/sakalas.eu\/?s={search_term_string}\"},\"query-input\":{\"@type\":\"PropertyValueSpecification\",\"valueRequired\":true,\"valueName\":\"search_term_string\"}}],\"inLanguage\":\"en-US\"}]}<\/script>\n<!-- \/ Yoast SEO plugin. -->","yoast_head_json":{"title":"\u012emon\u0117 - Sakalas","robots":{"index":"index","follow":"follow","max-snippet":"max-snippet:-1","max-image-preview":"max-image-preview:large","max-video-preview":"max-video-preview:-1"},"canonical":"https:\/\/sakalas.eu\/imone\/","og_locale":"en_US","og_type":"article","og_title":"\u012emon\u0117 - Sakalas","og_description":"[vc_row full_width=&#8221;stretch_row&#8221; css_animation=&#8221;fadeIn&#8221; bg_type=&#8221;image&#8221; parallax_style=&#8221;vcpb-default&#8221; bg_image_new=&#8221;id^105|url^https:\/\/sakalas.eu\/wp-content\/uploads\/2023\/10\/FTS.jpg|caption^null|alt^null|title^FTS|description^null&#8221; bg_image_repeat=&#8221;no-repeat&#8221; css=&#8221;.vc_custom_1712152566336{margin-top: -50px !important;padding-top: 100px !important;padding-bottom: 100px !important;}&#8221; el_class=&#8221;row-bg-gradient&#8221;][vc_column width=&#8221;7\/12&#8243;][vc_custom_heading text=&#8221;Patikimas distribucijos partneris Baltijos \u0161alyse&#8221; font_container=&#8221;tag:h1|text_align:left|color:%23ffffff&#8221; use_theme_fonts=&#8221;yes&#8221; css=&#8221;.vc_custom_1697658280473{margin-bottom: 30px !important;}&#8221;][vc_column_text el_class=&#8221;white ltext&#8221;]Pardavimai, rinkodara, prekyba ir logistika[\/vc_column_text][\/vc_column][vc_column width=&#8221;5\/12&#8243;][\/vc_column][\/vc_row][vc_row gap=&#8221;30&#8243; equal_height=&#8221;yes&#8221; content_placement=&#8221;middle&#8221; css_animation=&#8221;fadeInUp&#8221; css=&#8221;.vc_custom_1708549789624{margin-top: 50px !important;}&#8221;][vc_column width=&#8221;1\/12&#8243;][\/vc_column][vc_column width=&#8221;6\/12&#8243;][vc_custom_heading text=&#8221;Apie mus&#8221; use_theme_fonts=&#8221;yes&#8221; css=&#8221;.vc_custom_1697658993607{margin-bottom: 20px !important;}&#8221;][vc_column_text css=&#8221;&#8221;]M\u016bs\u0173 \u012fmon\u0117 UAB \u201eSakalas\u201c buvo \u012fkurta 1991&hellip;","og_url":"https:\/\/sakalas.eu\/imone\/","og_site_name":"Sakalas","article_modified_time":"2026-01-21T11:11:00+00:00","og_image":[{"width":2048,"height":1365,"url":"https:\/\/sakalas.eu\/wp-content\/uploads\/2023\/12\/Sakalas.jpg","type":"image\/jpeg"}],"twitter_card":"summary_large_image","twitter_misc":{"Est. reading time":"4 minutes"},"schema":{"@context":"https:\/\/schema.org","@graph":[{"@type":"WebPage","@id":"https:\/\/sakalas.eu\/imone\/","url":"https:\/\/sakalas.eu\/imone\/","name":"\u012emon\u0117 - Sakalas","isPartOf":{"@id":"https:\/\/sakalas.eu\/#website"},"datePublished":"2023-10-18T19:13:54+00:00","dateModified":"2026-01-21T11:11:00+00:00","breadcrumb":{"@id":"https:\/\/sakalas.eu\/imone\/#breadcrumb"},"inLanguage":"en-US","potentialAction":[{"@type":"ReadAction","target":["https:\/\/sakalas.eu\/imone\/"]}]},{"@type":"BreadcrumbList","@id":"https:\/\/sakalas.eu\/imone\/#breadcrumb","itemListElement":[{"@type":"ListItem","position":1,"name":"Home","item":"https:\/\/sakalas.eu\/en\/"},{"@type":"ListItem","position":2,"name":"\u012emon\u0117"}]},{"@type":"WebSite","@id":"https:\/\/sakalas.eu\/#website","url":"https:\/\/sakalas.eu\/","name":"Sakalas","description":"","potentialAction":[{"@type":"SearchAction","target":{"@type":"EntryPoint","urlTemplate":"https:\/\/sakalas.eu\/?s={search_term_string}"},"query-input":{"@type":"PropertyValueSpecification","valueRequired":true,"valueName":"search_term_string"}}],"inLanguage":"en-US"}]}},"_links":{"self":[{"href":"https:\/\/sakalas.eu\/en\/wp-json\/wp\/v2\/pages\/12","targetHints":{"allow":["GET"]}}],"collection":[{"href":"https:\/\/sakalas.eu\/en\/wp-json\/wp\/v2\/pages"}],"about":[{"href":"https:\/\/sakalas.eu\/en\/wp-json\/wp\/v2\/types\/page"}],"author":[{"embeddable":true,"href":"https:\/\/sakalas.eu\/en\/wp-json\/wp\/v2\/users\/1"}],"replies":[{"embeddable":true,"href":"https:\/\/sakalas.eu\/en\/wp-json\/wp\/v2\/comments?post=12"}],"version-history":[{"count":28,"href":"https:\/\/sakalas.eu\/en\/wp-json\/wp\/v2\/pages\/12\/revisions"}],"predecessor-version":[{"id":1579,"href":"https:\/\/sakalas.eu\/en\/wp-json\/wp\/v2\/pages\/12\/revisions\/1579"}],"wp:attachment":[{"href":"https:\/\/sakalas.eu\/en\/wp-json\/wp\/v2\/media?parent=12"}],"curies":[{"name":"wp","href":"https:\/\/api.w.org\/{rel}","templated":true}]}}